{"id":82,"date":"2024-05-11T06:51:09","date_gmt":"2024-05-11T06:51:09","guid":{"rendered":"http:\/\/pawpals-demo.pbminfotech.com\/demo1\/?page_id=3434"},"modified":"2024-12-16T21:48:09","modified_gmt":"2024-12-16T21:48:09","slug":"contacto","status":"publish","type":"page","link":"https:\/\/marvet.es\/en\/contacto\/","title":{"rendered":"Contact"},"content":{"rendered":"<div data-elementor-type=\"wp-page\" data-elementor-id=\"82\" class=\"elementor elementor-82\">\n\t\t\t\t\t\t<section class=\"elementor-section elementor-top-section elementor-element elementor-element-4072ceaa pbmit-col-stretched-none pbmit-bg-color-over-image elementor-section-boxed elementor-section-height-default elementor-section-height-default\" data-id=\"4072ceaa\" data-element_type=\"section\">\n\t\t\t\t\t\t<div class=\"elementor-container elementor-column-gap-no\">\n\t\t\t\t\t<div class=\"elementor-column elementor-col-33 elementor-top-column elementor-element elementor-element-30106a11 pbmit-bg-color-over-image\" data-id=\"30106a11\" data-element_type=\"column\">\n\t\t\t<div class=\"elementor-widget-wrap elementor-element-populated\">\n\t\t\t\t\t\t<div class=\"elementor-element elementor-element-2500584b elementor-widget elementor-widget-pbmit_icon_heading\" data-id=\"2500584b\" data-element_type=\"widget\" data-widget_type=\"pbmit_icon_heading.default\">\n\t\t\t\t<div class=\"elementor-widget-container\">\n\t\t\t\t\t<div class=\"pbmit-ihbox pbmit-ihbox-style-7\"><div class=\"pbmit-ihbox-box\">\r\n\t<div class=\"pbmit-icon-wrapper d-flex align-items-center\">\r\n\t\t<div class=\"pbmit-ihbox-icon\"><div class=\"pbmit-ihbox-icon-wrapper pbmit-ihbox-icon-type-icon\"><div class=\"pbmit-icon-wrapper pbmit-icon-type-icon\"><i class=\"pbmit-pawpals-icon pbmit-pawpals-icon-email\"><\/i><\/div><\/div><\/div>\t\t<div class=\"pbmit-title-wrap\">\r\n\t\t\t<h2 class=\"pbmit-element-title\">Env\u00ecanos un mail<\/h2>\t\t\t\t\t<\/div>\r\n\t<\/div>\r\n\t<div class=\"pbmit-content-wrapper\">\r\n\t\t<div class=\"pbmit-heading-desc\">info@marvet.es<\/div>\t<\/div>\t\r\n<\/div>\r\n<div class=\"pbmit-ihbox-btn\"><a href=\"#\"><span class=\"pbmit-button-text\">Read More<\/span><span class=\"pbmit-button-icon-wrapper\"><span class=\"pbmit-button-icon\"><i class=\"pbmit-base-icon-black-arrow-1\"><\/i><\/span><\/span><\/a><\/div><\/div>\t\t\t\t<\/div>\n\t\t\t\t<\/div>\n\t\t\t\t\t<\/div>\n\t\t<\/div>\n\t\t\t\t<div class=\"elementor-column elementor-col-33 elementor-top-column elementor-element elementor-element-44b6f4a1 pbmit-bg-color-over-image\" data-id=\"44b6f4a1\" data-element_type=\"column\">\n\t\t\t<div class=\"elementor-widget-wrap elementor-element-populated\">\n\t\t\t\t\t\t<div class=\"elementor-element elementor-element-5d064216 elementor-widget elementor-widget-pbmit_icon_heading\" data-id=\"5d064216\" data-element_type=\"widget\" data-widget_type=\"pbmit_icon_heading.default\">\n\t\t\t\t<div class=\"elementor-widget-container\">\n\t\t\t\t\t<div class=\"pbmit-ihbox pbmit-ihbox-style-7\"><div class=\"pbmit-ihbox-box\">\r\n\t<div class=\"pbmit-icon-wrapper d-flex align-items-center\">\r\n\t\t<div class=\"pbmit-ihbox-icon\"><div class=\"pbmit-ihbox-icon-wrapper pbmit-ihbox-icon-type-icon\"><div class=\"pbmit-icon-wrapper pbmit-icon-type-icon\"><i class=\"pbmit-pawpals-icon pbmit-pawpals-icon-call\"><\/i><\/div><\/div><\/div>\t\t<div class=\"pbmit-title-wrap\">\r\n\t\t\t<h2 class=\"pbmit-element-title\">Call Us<\/h2>\t\t\t\t\t<\/div>\r\n\t<\/div>\r\n\t<div class=\"pbmit-content-wrapper\">\r\n\t\t<div class=\"pbmit-heading-desc\">Tel\u00e9fono fijo: 961 480 250 <br>\nTel\u00e9fono m\u00f3vil: 620 064 358<\/div>\t<\/div>\t\r\n<\/div>\r\n<div class=\"pbmit-ihbox-btn\"><a href=\"#\"><span class=\"pbmit-button-text\">Read More<\/span><span class=\"pbmit-button-icon-wrapper\"><span class=\"pbmit-button-icon\"><i class=\"pbmit-base-icon-black-arrow-1\"><\/i><\/span><\/span><\/a><\/div><\/div>\t\t\t\t<\/div>\n\t\t\t\t<\/div>\n\t\t\t\t\t<\/div>\n\t\t<\/div>\n\t\t\t\t<div class=\"elementor-column elementor-col-33 elementor-top-column elementor-element elementor-element-31e2de8a pbmit-bg-color-over-image\" data-id=\"31e2de8a\" data-element_type=\"column\">\n\t\t\t<div class=\"elementor-widget-wrap elementor-element-populated\">\n\t\t\t\t\t\t<div class=\"elementor-element elementor-element-3049fb9a elementor-widget elementor-widget-pbmit_icon_heading\" data-id=\"3049fb9a\" data-element_type=\"widget\" data-widget_type=\"pbmit_icon_heading.default\">\n\t\t\t\t<div class=\"elementor-widget-container\">\n\t\t\t\t\t<div class=\"pbmit-ihbox pbmit-ihbox-style-7\"><div class=\"pbmit-ihbox-box\">\r\n\t<div class=\"pbmit-icon-wrapper d-flex align-items-center\">\r\n\t\t<div class=\"pbmit-ihbox-icon\"><div class=\"pbmit-ihbox-icon-wrapper pbmit-ihbox-icon-type-icon\"><div class=\"pbmit-icon-wrapper pbmit-icon-type-icon\"><i class=\"pbmit-pawpals-icon pbmit-pawpals-icon-pin\"><\/i><\/div><\/div><\/div>\t\t<div class=\"pbmit-title-wrap\">\r\n\t\t\t<h2 class=\"pbmit-element-title\">Direction<\/h2>\t\t\t\t\t<\/div>\r\n\t<\/div>\r\n\t<div class=\"pbmit-content-wrapper\">\r\n\t\t<div class=\"pbmit-heading-desc\">C\/ La Lluna, 12  |  46134 Foios, Valencia <\/div>\t<\/div>\t\r\n<\/div>\r\n<div class=\"pbmit-ihbox-btn\"><a href=\"#\"><span class=\"pbmit-button-text\">Read More<\/span><span class=\"pbmit-button-icon-wrapper\"><span class=\"pbmit-button-icon\"><i class=\"pbmit-base-icon-black-arrow-1\"><\/i><\/span><\/span><\/a><\/div><\/div>\t\t\t\t<\/div>\n\t\t\t\t<\/div>\n\t\t\t\t\t<\/div>\n\t\t<\/div>\n\t\t\t\t\t<\/div>\n\t\t<\/section>\n\t\t\t\t<section class=\"elementor-section elementor-top-section elementor-element elementor-element-bc4a2b8 pbmit-col-stretched-none pbmit-bg-color-over-image elementor-section-boxed elementor-section-height-default elementor-section-height-default\" data-id=\"bc4a2b8\" data-element_type=\"section\">\n\t\t\t\t\t\t<div class=\"elementor-container elementor-column-gap-no\">\n\t\t\t\t\t<div class=\"elementor-column elementor-col-50 elementor-top-column elementor-element elementor-element-45de56d1 pbmit-bg-color-yes pbmit-elementor-bg-color-white pbmit-bg-image-over-color\" data-id=\"45de56d1\" data-element_type=\"column\" data-settings=\"{&quot;background_background&quot;:&quot;classic&quot;}\">\n\t\t\t<div class=\"elementor-widget-wrap elementor-element-populated\">\n\t\t\t\t\t\t<div class=\"elementor-element elementor-element-11b74f97 elementor-widget elementor-widget-spacer\" data-id=\"11b74f97\" data-element_type=\"widget\" data-widget_type=\"spacer.default\">\n\t\t\t\t<div class=\"elementor-widget-container\">\n\t\t\t\t\t\t\t<div class=\"elementor-spacer\">\n\t\t\t<div class=\"elementor-spacer-inner\"><\/div>\n\t\t<\/div>\n\t\t\t\t\t\t<\/div>\n\t\t\t\t<\/div>\n\t\t\t\t\t<\/div>\n\t\t<\/div>\n\t\t\t\t<div class=\"elementor-column elementor-col-50 elementor-top-column elementor-element elementor-element-285fb1fc pbmit-bg-color-yes pbmit-elementor-bg-color-white pbmit-bg-image-over-color\" data-id=\"285fb1fc\" data-element_type=\"column\" data-settings=\"{&quot;background_background&quot;:&quot;classic&quot;}\">\n\t\t\t<div class=\"elementor-widget-wrap elementor-element-populated\">\n\t\t\t\t\t\t<div class=\"elementor-element elementor-element-75bd9b66 elementor-widget elementor-widget-pbmit_heading\" data-id=\"75bd9b66\" data-element_type=\"widget\" data-widget_type=\"pbmit_heading.default\">\n\t\t\t\t<div class=\"elementor-widget-container\">\n\t\t\t\t\t <div class=\"pbmit-heading-subheading pbmit-heading-subheading-style-1 pbmit-reverse-heading-yes animation-style2\"><h4 class=\"pbmit-element-subtitle\"><span>\r\n\t\t\t\t<\/span>\r\n\t\t\t\t\r\n\t\t\t\t\tContact\r\n\t\t\t\t\r\n\t\t\t\t<\/h4>\r\n\t\t\t<h2 class=\"pbmit-element-title\">\r\n\t\t\t\t\r\n\t\t\t\t\tU have any question?\r\n\t\t\t\t\r\n\t\t\t\t<\/h2>\r\n\t\t\t<\/div>\t\t\t\t<\/div>\n\t\t\t\t<\/div>\n\t\t\t\t<div class=\"elementor-element elementor-element-493972a4 elementor-widget elementor-widget-shortcode\" data-id=\"493972a4\" data-element_type=\"widget\" data-widget_type=\"shortcode.default\">\n\t\t\t\t<div class=\"elementor-widget-container\">\n\t\t\t\t\t\t\t<div class=\"elementor-shortcode\">\n<div class=\"wpcf7 no-js\" id=\"wpcf7-f65-o1\" lang=\"en-US\" dir=\"ltr\" data-wpcf7-id=\"65\">\n<div class=\"screen-reader-response\"><p role=\"status\" aria-live=\"polite\" aria-atomic=\"true\"><\/p> <ul><\/ul><\/div>\n<form action=\"\/en\/wp-json\/wp\/v2\/pages\/82#wpcf7-f65-o1\" method=\"post\" class=\"wpcf7-form init\" aria-label=\"Contact form\" novalidate=\"novalidate\" data-status=\"init\" data-trp-original-action=\"\/en\/wp-json\/wp\/v2\/pages\/82#wpcf7-f65-o1\">\n<fieldset class=\"hidden-fields-container\"><input type=\"hidden\" name=\"_wpcf7\" value=\"65\" \/><input type=\"hidden\" name=\"_wpcf7_version\" value=\"6.1.4\" \/><input type=\"hidden\" name=\"_wpcf7_locale\" value=\"en_US\" \/><input type=\"hidden\" name=\"_wpcf7_unit_tag\" value=\"wpcf7-f65-o1\" \/><input type=\"hidden\" name=\"_wpcf7_container_post\" value=\"0\" \/><input type=\"hidden\" name=\"_wpcf7_posted_data_hash\" value=\"\" \/>\n<\/fieldset>\n<div class=\"pbmit-form pbmit-team-form\">\n\t<div class=\"row\">\n\t\t<div class=\"col-sm-12 col-md-6\">\n\t\t\t<div class=\"input-group\">\n\t\t\t\t<p><span class=\"wpcf7-form-control-wrap\" data-name=\"your-name\"><input size=\"40\" maxlength=\"400\" class=\"wpcf7-form-control wpcf7-text wpcf7-validates-as-required\" aria-required=\"true\" aria-invalid=\"false\" placeholder=\"Name\" value=\"\" type=\"text\" name=\"your-name\" \/><\/span>\n\t\t\t\t<\/p>\n\t\t\t<\/div>\n\t\t<\/div>\n\t\t<div class=\"col-sm-12 col-md-6\">\n\t\t\t<div class=\"input-group\">\n\t\t\t\t<p><span class=\"wpcf7-form-control-wrap\" data-name=\"your-email\"><input size=\"40\" maxlength=\"400\" class=\"wpcf7-form-control wpcf7-text wpcf7-validates-as-required\" aria-required=\"true\" aria-invalid=\"false\" placeholder=\"Email *\" value=\"\" type=\"text\" name=\"your-email\" \/><\/span>\n\t\t\t\t<\/p>\n\t\t\t<\/div>\n\t\t<\/div>\n\t\t<div class=\"col-sm-12 col-md-6\">\n\t\t\t<div class=\"input-group\">\n\t\t\t\t<p><span class=\"wpcf7-form-control-wrap\" data-name=\"subject\"><input size=\"40\" maxlength=\"400\" class=\"wpcf7-form-control wpcf7-text wpcf7-validates-as-required\" aria-required=\"true\" aria-invalid=\"false\" placeholder=\"Subject\" value=\"\" type=\"text\" name=\"subject\" \/><\/span>\n\t\t\t\t<\/p>\n\t\t\t<\/div>\n\t\t<\/div>\n\t\t<div class=\"col-sm-12 col-md-6\">\n\t\t\t<div class=\"input-group\">\n\t\t\t\t<p><span class=\"wpcf7-form-control-wrap\" data-name=\"phone\"><input size=\"40\" maxlength=\"400\" class=\"wpcf7-form-control wpcf7-email wpcf7-validates-as-required wpcf7-text wpcf7-validates-as-email\" aria-required=\"true\" aria-invalid=\"false\" placeholder=\"Phone\" value=\"\" type=\"email\" name=\"phone\" \/><\/span>\n\t\t\t\t<\/p>\n\t\t\t<\/div>\n\t\t<\/div>\n\t\t<div class=\"col-sm-12\">\n\t\t\t<div class=\"input-group input-textarea\">\n\t\t\t\t<p><span class=\"wpcf7-form-control-wrap\" data-name=\"textarea-806\"><textarea cols=\"40\" rows=\"10\" maxlength=\"2000\" class=\"wpcf7-form-control wpcf7-textarea wpcf7-validates-as-required\" aria-required=\"true\" aria-invalid=\"false\" placeholder=\"Message\" name=\"textarea-806\"><\/textarea><\/span>\n\t\t\t\t<\/p>\n\t\t\t<\/div>\n\t\t<\/div>\n\t\t<div class=\"col-sm-12\">\n\t\t\t<p><span class=\"wpcf7-form-control-wrap\" data-name=\"Verificacion\"><span class=\"wpcf7-form-control wpcf7-checkbox wpcf7-validates-as-required\"><span class=\"wpcf7-list-item first last\"><label><input type=\"checkbox\" name=\"Verificacion[]\" value=\"Acepto los t\u00e9rminos legales\" \/><span class=\"wpcf7-list-item-label\">Accept the legal terms<\/span><\/label><\/span><\/span><\/span>\n\t\t\t<\/p>\n\t\t\t<div class=\"input-group input-button\">\n\t\t\t\t<p><button id='submit' class='wpcf7-form-control wpcf7-submit'><span class=\"pbmit-button-text\">Send now<\/span><span class=\"pbmit-button-icon-wrapper\"><span class=\"pbmit-button-icon\"><i class=\"pbmit-base-icon-black-arrow-1\"><\/i><\/span><\/span> <\/button>\n\t\t\t\t<\/p>\n\t\t\t<\/div>\n\t\t<\/div>\n\t<\/div>\n<\/div><div class=\"wpcf7-response-output\" aria-hidden=\"true\"><\/div>\n<input type=\"hidden\" name=\"trp-form-language\" value=\"en\"\/><\/form>\n<\/div>\n<\/div>\n\t\t\t\t\t\t<\/div>\n\t\t\t\t<\/div>\n\t\t\t\t\t<\/div>\n\t\t<\/div>\n\t\t\t\t\t<\/div>\n\t\t<\/section>\n\t\t\t\t<div class=\"elementor-section elementor-top-section elementor-element elementor-element-539a7435 elementor-section-full_width elementor-section-stretched pbmit-col-stretched-none pbmit-bg-color-over-image elementor-section-height-default elementor-section-height-default\" data-id=\"539a7435\" data-element_type=\"section\" data-settings=\"{&quot;stretch_section&quot;:&quot;section-stretched&quot;}\">\n\t\t\t\t\t\t<div class=\"elementor-container elementor-column-gap-no\">\n\t\t\t\t\t<div class=\"elementor-column elementor-col-100 elementor-top-column elementor-element elementor-element-5eb382f4 pbmit-bg-color-over-image\" data-id=\"5eb382f4\" data-element_type=\"column\">\n\t\t\t<div class=\"elementor-widget-wrap elementor-element-populated\">\n\t\t\t\t\t\t<div class=\"elementor-element elementor-element-ee33024 elementor-widget elementor-widget-google_maps\" data-id=\"ee33024\" data-element_type=\"widget\" data-widget_type=\"google_maps.default\">\n\t\t\t\t<div class=\"elementor-widget-container\">\n\t\t\t\t\t\t\t<div class=\"elementor-custom-embed\">\n\t\t\t<iframe loading=\"lazy\"\n\t\t\t\t\tsrc=\"https:\/\/maps.google.com\/maps?q=%20C%2F%20La%20Lluna%2C%2012%20%20%7C%20%2046134%20Foios%2C%20Valencia%20%20%20&#038;t=m&#038;z=15&#038;output=embed&#038;iwloc=near\"\n\t\t\t\t\ttitle=\" C\/ La Lluna, 12  |  46134 Foios, Valencia   \"\n\t\t\t\t\taria-label=\" C\/ La Lluna, 12  |  46134 Foios, Valencia   \"\n\t\t\t><\/iframe>\n\t\t<\/div>\n\t\t\t\t\t\t<\/div>\n\t\t\t\t<\/div>\n\t\t\t\t\t<\/div>\n\t\t<\/div>\n\t\t\t\t\t<\/div>\n\t\t<\/div>\n\t\t\t\t<\/div>","protected":false},"excerpt":{"rendered":"<p>Env\u00ecanos un mail info@marvet.es Read More Ll\u00e0manos Tel\u00e9fono fijo: 961 480 250 Tel\u00e9fono m\u00f3vil: 620 064 358 Read More Direcci\u00f2n C\/ La Lluna, 12 | 46134 Foios, Valencia Read More Contacto \u00bfTienes alguna pregunta?<\/p>","protected":false},"author":1,"featured_media":0,"parent":0,"menu_order":30,"comment_status":"closed","ping_status":"closed","template":"","meta":{"_acf_changed":false,"inline_featured_image":false,"footnotes":""},"class_list":["post-82","page","type-page","status-publish","hentry"],"acf":[],"yoast_head":"<!-- This site is optimized with the Yoast SEO plugin v27.1.1 - https:\/\/yoast.com\/product\/yoast-seo-wordpress\/ -->\n<title>Contacto - Marvet<\/title>\n<meta name=\"robots\" content=\"index, follow, max-snippet:-1, max-image-preview:large, max-video-preview:-1\" \/>\n<link rel=\"canonical\" href=\"https:\/\/marvet.es\/en\/contacto\/\" \/>\n<meta property=\"og:locale\" content=\"en_US\" \/>\n<meta property=\"og:type\" content=\"article\" \/>\n<meta property=\"og:title\" content=\"Contacto - Marvet\" \/>\n<meta property=\"og:description\" content=\"Env\u00ecanos un mail info@marvet.es Read More Ll\u00e0manos Tel\u00e9fono fijo: 961 480 250 Tel\u00e9fono m\u00f3vil: 620 064 358 Read More Direcci\u00f2n C\/ La Lluna, 12 | 46134 Foios, Valencia Read More Contacto \u00bfTienes alguna pregunta?\" \/>\n<meta property=\"og:url\" content=\"https:\/\/marvet.es\/en\/contacto\/\" \/>\n<meta property=\"og:site_name\" content=\"Marvet\" \/>\n<meta property=\"article:modified_time\" content=\"2024-12-16T21:48:09+00:00\" \/>\n<meta name=\"twitter:card\" content=\"summary_large_image\" \/>\n<meta name=\"twitter:label1\" content=\"Est. reading time\" \/>\n\t<meta name=\"twitter:data1\" content=\"1 minute\" \/>\n<script type=\"application\/ld+json\" class=\"yoast-schema-graph\">{\"@context\":\"https:\/\/schema.org\",\"@graph\":[{\"@type\":\"WebPage\",\"@id\":\"https:\/\/marvet.es\/contacto\/\",\"url\":\"https:\/\/marvet.es\/contacto\/\",\"name\":\"Contacto - Marvet\",\"isPartOf\":{\"@id\":\"https:\/\/marvet.es\/#website\"},\"datePublished\":\"2024-05-11T06:51:09+00:00\",\"dateModified\":\"2024-12-16T21:48:09+00:00\",\"breadcrumb\":{\"@id\":\"https:\/\/marvet.es\/contacto\/#breadcrumb\"},\"inLanguage\":\"en-US\",\"potentialAction\":[{\"@type\":\"ReadAction\",\"target\":[\"https:\/\/marvet.es\/contacto\/\"]}]},{\"@type\":\"BreadcrumbList\",\"@id\":\"https:\/\/marvet.es\/contacto\/#breadcrumb\",\"itemListElement\":[{\"@type\":\"ListItem\",\"position\":1,\"name\":\"Portada\",\"item\":\"https:\/\/marvet.es\/\"},{\"@type\":\"ListItem\",\"position\":2,\"name\":\"Contacto\"}]},{\"@type\":\"WebSite\",\"@id\":\"https:\/\/marvet.es\/#website\",\"url\":\"https:\/\/marvet.es\/\",\"name\":\"Marvet\",\"description\":\"\",\"potentialAction\":[{\"@type\":\"SearchAction\",\"target\":{\"@type\":\"EntryPoint\",\"urlTemplate\":\"https:\/\/marvet.es\/?s={search_term_string}\"},\"query-input\":{\"@type\":\"PropertyValueSpecification\",\"valueRequired\":true,\"valueName\":\"search_term_string\"}}],\"inLanguage\":\"en-US\"}]}<\/script>\n<!-- \/ Yoast SEO plugin. -->","yoast_head_json":{"title":"Contacto - Marvet","robots":{"index":"index","follow":"follow","max-snippet":"max-snippet:-1","max-image-preview":"max-image-preview:large","max-video-preview":"max-video-preview:-1"},"canonical":"https:\/\/marvet.es\/en\/contacto\/","og_locale":"en_US","og_type":"article","og_title":"Contacto - Marvet","og_description":"Env\u00ecanos un mail info@marvet.es Read More Ll\u00e0manos Tel\u00e9fono fijo: 961 480 250 Tel\u00e9fono m\u00f3vil: 620 064 358 Read More Direcci\u00f2n C\/ La Lluna, 12 | 46134 Foios, Valencia Read More Contacto \u00bfTienes alguna pregunta?","og_url":"https:\/\/marvet.es\/en\/contacto\/","og_site_name":"Marvet","article_modified_time":"2024-12-16T21:48:09+00:00","twitter_card":"summary_large_image","twitter_misc":{"Est. reading time":"1 minute"},"schema":{"@context":"https:\/\/schema.org","@graph":[{"@type":"WebPage","@id":"https:\/\/marvet.es\/contacto\/","url":"https:\/\/marvet.es\/contacto\/","name":"Contacto - Marvet","isPartOf":{"@id":"https:\/\/marvet.es\/#website"},"datePublished":"2024-05-11T06:51:09+00:00","dateModified":"2024-12-16T21:48:09+00:00","breadcrumb":{"@id":"https:\/\/marvet.es\/contacto\/#breadcrumb"},"inLanguage":"en-US","potentialAction":[{"@type":"ReadAction","target":["https:\/\/marvet.es\/contacto\/"]}]},{"@type":"BreadcrumbList","@id":"https:\/\/marvet.es\/contacto\/#breadcrumb","itemListElement":[{"@type":"ListItem","position":1,"name":"Portada","item":"https:\/\/marvet.es\/"},{"@type":"ListItem","position":2,"name":"Contacto"}]},{"@type":"WebSite","@id":"https:\/\/marvet.es\/#website","url":"https:\/\/marvet.es\/","name":"Marvet","description":"","potentialAction":[{"@type":"SearchAction","target":{"@type":"EntryPoint","urlTemplate":"https:\/\/marvet.es\/?s={search_term_string}"},"query-input":{"@type":"PropertyValueSpecification","valueRequired":true,"valueName":"search_term_string"}}],"inLanguage":"en-US"}]}},"_links":{"self":[{"href":"https:\/\/marvet.es\/en\/wp-json\/wp\/v2\/pages\/82","targetHints":{"allow":["GET"]}}],"collection":[{"href":"https:\/\/marvet.es\/en\/wp-json\/wp\/v2\/pages"}],"about":[{"href":"https:\/\/marvet.es\/en\/wp-json\/wp\/v2\/types\/page"}],"author":[{"embeddable":true,"href":"https:\/\/marvet.es\/en\/wp-json\/wp\/v2\/users\/1"}],"replies":[{"embeddable":true,"href":"https:\/\/marvet.es\/en\/wp-json\/wp\/v2\/comments?post=82"}],"version-history":[{"count":8,"href":"https:\/\/marvet.es\/en\/wp-json\/wp\/v2\/pages\/82\/revisions"}],"predecessor-version":[{"id":642,"href":"https:\/\/marvet.es\/en\/wp-json\/wp\/v2\/pages\/82\/revisions\/642"}],"wp:attachment":[{"href":"https:\/\/marvet.es\/en\/wp-json\/wp\/v2\/media?parent=82"}],"curies":[{"name":"wp","href":"https:\/\/api.w.org\/{rel}","templated":true}]}}