{"id":593,"date":"2024-12-14T16:56:49","date_gmt":"2024-12-14T16:56:49","guid":{"rendered":"https:\/\/marvet.agenciaseosalamanca.es\/?page_id=593"},"modified":"2025-01-27T11:53:31","modified_gmt":"2025-01-27T11:53:31","slug":"servicios","status":"publish","type":"page","link":"https:\/\/marvet.es\/en\/servicios\/","title":{"rendered":"Services"},"content":{"rendered":"<div data-elementor-type=\"wp-page\" data-elementor-id=\"593\" class=\"elementor elementor-593\">\n\t\t\t\t\t\t<section class=\"elementor-section elementor-top-section elementor-element elementor-element-0a8d58e pbmit-col-stretched-none pbmit-bg-color-over-image elementor-section-boxed elementor-section-height-default elementor-section-height-default\" data-id=\"0a8d58e\" data-element_type=\"section\">\n\t\t\t\t\t\t<div class=\"elementor-container elementor-column-gap-default\">\n\t\t\t\t\t<div class=\"elementor-column elementor-col-100 elementor-top-column elementor-element elementor-element-ac6836a pbmit-bg-color-over-image\" data-id=\"ac6836a\" data-element_type=\"column\">\n\t\t\t<div class=\"elementor-widget-wrap elementor-element-populated\">\n\t\t\t\t\t\t<div class=\"elementor-element elementor-element-73ccd48 elementor-widget elementor-widget-heading\" data-id=\"73ccd48\" data-element_type=\"widget\" data-widget_type=\"heading.default\">\n\t\t\t\t<div class=\"elementor-widget-container\">\n\t\t\t\t\t<h1 class=\"elementor-heading-title elementor-size-default\">Services<\/h1>\t\t\t\t<\/div>\n\t\t\t\t<\/div>\n\t\t\t\t\t<\/div>\n\t\t<\/div>\n\t\t\t\t\t<\/div>\n\t\t<\/section>\n\t\t\t\t<section class=\"elementor-section elementor-top-section elementor-element elementor-element-dd5b472 pbmit-col-stretched-none pbmit-bg-color-over-image elementor-section-boxed elementor-section-height-default elementor-section-height-default\" data-id=\"dd5b472\" data-element_type=\"section\">\n\t\t\t\t\t\t<div class=\"elementor-container elementor-column-gap-default\">\n\t\t\t\t\t<div class=\"elementor-column elementor-col-100 elementor-top-column elementor-element elementor-element-7285bb6 pbmit-bg-color-over-image\" data-id=\"7285bb6\" data-element_type=\"column\">\n\t\t\t<div class=\"elementor-widget-wrap elementor-element-populated\">\n\t\t\t\t\t\t<div class=\"elementor-element elementor-element-6e14e4f elementor-widget elementor-widget-pbmit_service_element\" data-id=\"6e14e4f\" data-element_type=\"widget\" data-widget_type=\"pbmit_service_element.default\">\n\t\t\t\t<div class=\"elementor-widget-container\">\n\t\t\t\t\t\t\t\t\t<div class=\"pbminfotech-element\t\t\tpbminfotech-element-service\t\t\tpbmit-element-service-style-1\t\t\tpbmit-element-viewtype-row-column\t\t\tpbmit-element-column-three\t\t\tpbmit-element-sticky-carousel-false\t\t\tpbmit-element-caroursel-dot-false\t\t\tpbmit-infinite-scroll-no\t\t\tpbmit-infinite-scroll-button-no\t\t\tpbminfotech-gap-default\"\r\n\t\t\tdata-cpt=\"service\"\r\n\t\t\tdata-totalpagination=\"1\"\r\n\t\t\tdata-style=\"1\"\r\n\t\t\tdata-show=\"6\"\r\n\t\t\tdata-columns=\"3\"\r\n\t\t\tdata-loop=\"false\"\r\n\t\t\tdata-autoplay=\"false\"\r\n\t\t\tdata-center=\"false\"\r\n\t\t\tdata-nav=\"false\"\r\n\t\t\tdata-dots=\"false\"\r\n\t\t\tdata-reverse=\"false\"\r\n\t\t\tdata-speed=\"1000\"\r\n\t\t\tdata-marquee-speed=\"12000\"\r\n\t\t\tdata-delay=\"4000\"\r\n\t\t\tdata-margin=\"default\"\r\n\t\t\tdata-show-portion=\"false\">\r\n\t\t\t<div class=\"pbmit-element-inner\">\r\n\t\t\t\t<div class=\"pbmit-ele-header-area\">\r\n\t\t\t<div class=\"pbmit-header-area-inner\">\r\n\t\t\t\t <div class=\"pbmit-heading-subheading pbmit-heading-subheading-style-1  animation-style4\"><\/div>\t\t\t\t\t\t\t<\/div>\r\n\t\t\t\t\t<\/div>\r\n\t\t<div class=\"pbmit-infinite-scroll-data\">{\"cpt\":\"service\",\"style\":\"1\",\"columns\":\"3\",\"show\":6,\"order\":\"DESC\",\"orderby\":\"none\"}<\/div>\t\t\t<div class=\"pbmit-element-posts-wrapper row multi-columns-row\">\r\n\t\t\t\t\t<article class=\"pbmit-ele pbmit-ele-service pbmit-service-style-1 col-md-4 servicios-veterinarios pbmit-term-50\"><div class=\"pbminfotech-post-item\">\r\n\t<div class=\"pbminfotech-box-content\">\r\n\t\t<div class=\"pbmit-box-content-wrap\">\r\n\t\t\t<div class=\"pbmit-service-image-wrapper\">\r\n\t\t\t\t<div class=\"pbmit-featured-img-wrapper\"><div class=\"pbmit-featured-wrapper\"><a href=\"https:\/\/marvet.es\/en\/service\/servicios-veterinarios\/\"><img fetchpriority=\"high\" decoding=\"async\" width=\"480\" height=\"480\" src=\"https:\/\/marvet.es\/wp-content\/uploads\/2024\/11\/8bc4e2a359d7cdd7e565e03da59057aad1664bdb.jpg\" class=\"attachment-pbmit-img-770x570 size-pbmit-img-770x570 wp-post-image\" alt=\"\" srcset=\"https:\/\/marvet.es\/wp-content\/uploads\/2024\/11\/8bc4e2a359d7cdd7e565e03da59057aad1664bdb.jpg 480w, https:\/\/marvet.es\/wp-content\/uploads\/2024\/11\/8bc4e2a359d7cdd7e565e03da59057aad1664bdb-300x300.jpg 300w, https:\/\/marvet.es\/wp-content\/uploads\/2024\/11\/8bc4e2a359d7cdd7e565e03da59057aad1664bdb-150x150.jpg 150w, https:\/\/marvet.es\/wp-content\/uploads\/2024\/11\/8bc4e2a359d7cdd7e565e03da59057aad1664bdb-400x400.jpg 400w, https:\/\/marvet.es\/wp-content\/uploads\/2024\/11\/8bc4e2a359d7cdd7e565e03da59057aad1664bdb-100x100.jpg 100w\" sizes=\"(max-width: 480px) 100vw, 480px\" \/><\/a><\/div><\/div>\t\t\t\t<a class=\"pbmit-service-btn\" href=\"https:\/\/marvet.es\/en\/service\/servicios-veterinarios\/\" title=\"Veterinary Services\"><span class=\"pbmit-button-icon-wrapper\"><span class=\"pbmit-button-icon\"><i class=\"pbmit-base-icon-black-arrow-1\"><\/i><\/span><\/span><\/a>\r\n\t\t\t<\/div>\r\n\t\t\t<div class=\"pbmit-box-content-inner\">\r\n\t\t\t\t<div class=\"pbmit-contant-box\">\r\n\t\t\t\t\t<div class=\"pbmit-serv-cat\"><a href=\"https:\/\/marvet.es\/en\/service-category\/servicios-veterinarios\/\" rel=\"tag\">Veterinary Services<\/a><\/div>\r\n\t\t\t\t\t<h3 class=\"pbmit-service-title\"><a href=\"https:\/\/marvet.es\/en\/service\/servicios-veterinarios\/\">Veterinary Services<\/a><\/h3>\r\n\t\t\t\t\t\t\t\t\t<\/div>\r\n\t\t\t<\/div>\r\n\t\t<\/div>\r\n\t\t<a class=\"pbmit-service-btn\" href=\"https:\/\/marvet.es\/en\/service\/servicios-veterinarios\/\" title=\"Veterinary Services\"><span class=\"pbmit-button-icon-wrapper\"><span class=\"pbmit-button-icon\"><i class=\"pbmit-base-icon-black-arrow-1\"><\/i><\/span><\/span><\/a>\r\n\t<\/div>\r\n\t<a class=\"pbmit-link\" href=\"https:\/\/marvet.es\/en\/service\/servicios-veterinarios\/\" title=\"Go to Servicios Veterinarios\"><\/a>\r\n<\/div><\/article><article class=\"pbmit-ele pbmit-ele-service pbmit-service-style-1 col-md-4 plan-de-salud pbmit-term-49\"><div class=\"pbminfotech-post-item\">\r\n\t<div class=\"pbminfotech-box-content\">\r\n\t\t<div class=\"pbmit-box-content-wrap\">\r\n\t\t\t<div class=\"pbmit-service-image-wrapper\">\r\n\t\t\t\t<div class=\"pbmit-featured-img-wrapper\"><div class=\"pbmit-featured-wrapper\"><a href=\"https:\/\/marvet.es\/en\/service\/plan-salud-gato-adulto\/\"><img decoding=\"async\" width=\"770\" height=\"570\" src=\"https:\/\/marvet.es\/wp-content\/uploads\/2025\/02\/IMG_5330-scaled-e1740660664397-770x570.jpeg\" class=\"attachment-pbmit-img-770x570 size-pbmit-img-770x570 wp-post-image\" alt=\"\" srcset=\"https:\/\/marvet.es\/wp-content\/uploads\/2025\/02\/IMG_5330-scaled-e1740660664397-770x570.jpeg 770w, https:\/\/marvet.es\/wp-content\/uploads\/2025\/02\/IMG_5330-scaled-e1740660664397-890x660.jpeg 890w\" sizes=\"(max-width: 770px) 100vw, 770px\" \/><\/a><\/div><\/div>\t\t\t\t<a class=\"pbmit-service-btn\" href=\"https:\/\/marvet.es\/en\/service\/plan-salud-gato-adulto\/\" title=\"Health Plan \u2013 Adult Cat\"><span class=\"pbmit-button-icon-wrapper\"><span class=\"pbmit-button-icon\"><i class=\"pbmit-base-icon-black-arrow-1\"><\/i><\/span><\/span><\/a>\r\n\t\t\t<\/div>\r\n\t\t\t<div class=\"pbmit-box-content-inner\">\r\n\t\t\t\t<div class=\"pbmit-contant-box\">\r\n\t\t\t\t\t<div class=\"pbmit-serv-cat\"><a href=\"https:\/\/marvet.es\/en\/service-category\/plan-de-salud\/\" rel=\"tag\">Health Plan<\/a><\/div>\r\n\t\t\t\t\t<h3 class=\"pbmit-service-title\"><a href=\"https:\/\/marvet.es\/en\/service\/plan-salud-gato-adulto\/\">Health Plan \u2013 Adult Cat<\/a><\/h3>\r\n\t\t\t\t\t\t\t\t\t<\/div>\r\n\t\t\t<\/div>\r\n\t\t<\/div>\r\n\t\t<a class=\"pbmit-service-btn\" href=\"https:\/\/marvet.es\/en\/service\/plan-salud-gato-adulto\/\" title=\"Health Plan \u2013 Adult Cat\"><span class=\"pbmit-button-icon-wrapper\"><span class=\"pbmit-button-icon\"><i class=\"pbmit-base-icon-black-arrow-1\"><\/i><\/span><\/span><\/a>\r\n\t<\/div>\r\n\t<a class=\"pbmit-link\" href=\"https:\/\/marvet.es\/en\/service\/plan-salud-gato-adulto\/\" title=\"Go to Plan de salud &#8211; Gato Adulto\"><\/a>\r\n<\/div><\/article><article class=\"pbmit-ele pbmit-ele-service pbmit-service-style-1 col-md-4 plan-de-salud pbmit-term-49\"><div class=\"pbminfotech-post-item\">\r\n\t<div class=\"pbminfotech-box-content\">\r\n\t\t<div class=\"pbmit-box-content-wrap\">\r\n\t\t\t<div class=\"pbmit-service-image-wrapper\">\r\n\t\t\t\t<div class=\"pbmit-featured-img-wrapper\"><div class=\"pbmit-featured-wrapper\"><a href=\"https:\/\/marvet.es\/en\/service\/plan-salud-gatito\/\"><img decoding=\"async\" width=\"770\" height=\"570\" src=\"https:\/\/marvet.es\/wp-content\/uploads\/2025\/02\/IMG_1249-e1740660651254-770x570.jpeg\" class=\"attachment-pbmit-img-770x570 size-pbmit-img-770x570 wp-post-image\" alt=\"\" srcset=\"https:\/\/marvet.es\/wp-content\/uploads\/2025\/02\/IMG_1249-e1740660651254-770x570.jpeg 770w, https:\/\/marvet.es\/wp-content\/uploads\/2025\/02\/IMG_1249-e1740660651254-890x660.jpeg 890w\" sizes=\"(max-width: 770px) 100vw, 770px\" \/><\/a><\/div><\/div>\t\t\t\t<a class=\"pbmit-service-btn\" href=\"https:\/\/marvet.es\/en\/service\/plan-salud-gatito\/\" title=\"Health Plan \u2013 Kitten\"><span class=\"pbmit-button-icon-wrapper\"><span class=\"pbmit-button-icon\"><i class=\"pbmit-base-icon-black-arrow-1\"><\/i><\/span><\/span><\/a>\r\n\t\t\t<\/div>\r\n\t\t\t<div class=\"pbmit-box-content-inner\">\r\n\t\t\t\t<div class=\"pbmit-contant-box\">\r\n\t\t\t\t\t<div class=\"pbmit-serv-cat\"><a href=\"https:\/\/marvet.es\/en\/service-category\/plan-de-salud\/\" rel=\"tag\">Health Plan<\/a><\/div>\r\n\t\t\t\t\t<h3 class=\"pbmit-service-title\"><a href=\"https:\/\/marvet.es\/en\/service\/plan-salud-gatito\/\">Health Plan \u2013 Kitten<\/a><\/h3>\r\n\t\t\t\t\t\t\t\t\t<\/div>\r\n\t\t\t<\/div>\r\n\t\t<\/div>\r\n\t\t<a class=\"pbmit-service-btn\" href=\"https:\/\/marvet.es\/en\/service\/plan-salud-gatito\/\" title=\"Health Plan \u2013 Kitten\"><span class=\"pbmit-button-icon-wrapper\"><span class=\"pbmit-button-icon\"><i class=\"pbmit-base-icon-black-arrow-1\"><\/i><\/span><\/span><\/a>\r\n\t<\/div>\r\n\t<a class=\"pbmit-link\" href=\"https:\/\/marvet.es\/en\/service\/plan-salud-gatito\/\" title=\"Go to Plan de salud &#8211; Gatito\"><\/a>\r\n<\/div><\/article><article class=\"pbmit-ele pbmit-ele-service pbmit-service-style-1 col-md-4 plan-de-salud pbmit-term-49\"><div class=\"pbminfotech-post-item\">\r\n\t<div class=\"pbminfotech-box-content\">\r\n\t\t<div class=\"pbmit-box-content-wrap\">\r\n\t\t\t<div class=\"pbmit-service-image-wrapper\">\r\n\t\t\t\t<div class=\"pbmit-featured-img-wrapper\"><div class=\"pbmit-featured-wrapper\"><a href=\"https:\/\/marvet.es\/en\/service\/plan-de-salud-perro-adulto\/\"><img loading=\"lazy\" decoding=\"async\" width=\"770\" height=\"570\" src=\"https:\/\/marvet.es\/wp-content\/uploads\/2025\/02\/IMG_9062-770x570.jpeg\" class=\"attachment-pbmit-img-770x570 size-pbmit-img-770x570 wp-post-image\" alt=\"\" srcset=\"https:\/\/marvet.es\/wp-content\/uploads\/2025\/02\/IMG_9062-770x570.jpeg 770w, https:\/\/marvet.es\/wp-content\/uploads\/2025\/02\/IMG_9062-890x660.jpeg 890w\" sizes=\"(max-width: 770px) 100vw, 770px\" \/><\/a><\/div><\/div>\t\t\t\t<a class=\"pbmit-service-btn\" href=\"https:\/\/marvet.es\/en\/service\/plan-de-salud-perro-adulto\/\" title=\"Health Plan \u2013 Adult Dog\"><span class=\"pbmit-button-icon-wrapper\"><span class=\"pbmit-button-icon\"><i class=\"pbmit-base-icon-black-arrow-1\"><\/i><\/span><\/span><\/a>\r\n\t\t\t<\/div>\r\n\t\t\t<div class=\"pbmit-box-content-inner\">\r\n\t\t\t\t<div class=\"pbmit-contant-box\">\r\n\t\t\t\t\t<div class=\"pbmit-serv-cat\"><a href=\"https:\/\/marvet.es\/en\/service-category\/plan-de-salud\/\" rel=\"tag\">Health Plan<\/a><\/div>\r\n\t\t\t\t\t<h3 class=\"pbmit-service-title\"><a href=\"https:\/\/marvet.es\/en\/service\/plan-de-salud-perro-adulto\/\">Health Plan \u2013 Adult Dog<\/a><\/h3>\r\n\t\t\t\t\t\t\t\t\t<\/div>\r\n\t\t\t<\/div>\r\n\t\t<\/div>\r\n\t\t<a class=\"pbmit-service-btn\" href=\"https:\/\/marvet.es\/en\/service\/plan-de-salud-perro-adulto\/\" title=\"Health Plan \u2013 Adult Dog\"><span class=\"pbmit-button-icon-wrapper\"><span class=\"pbmit-button-icon\"><i class=\"pbmit-base-icon-black-arrow-1\"><\/i><\/span><\/span><\/a>\r\n\t<\/div>\r\n\t<a class=\"pbmit-link\" href=\"https:\/\/marvet.es\/en\/service\/plan-de-salud-perro-adulto\/\" title=\"Go to Plan de salud &#8211; Perro Adulto\"><\/a>\r\n<\/div><\/article><article class=\"pbmit-ele pbmit-ele-service pbmit-service-style-1 col-md-4 plan-de-salud pbmit-term-49\"><div class=\"pbminfotech-post-item\">\r\n\t<div class=\"pbminfotech-box-content\">\r\n\t\t<div class=\"pbmit-box-content-wrap\">\r\n\t\t\t<div class=\"pbmit-service-image-wrapper\">\r\n\t\t\t\t<div class=\"pbmit-featured-img-wrapper\"><div class=\"pbmit-featured-wrapper\"><a href=\"https:\/\/marvet.es\/en\/service\/plan-salud-perro-cachorro\/\"><img loading=\"lazy\" decoding=\"async\" width=\"770\" height=\"570\" src=\"https:\/\/marvet.es\/wp-content\/uploads\/2025\/02\/IMG_5726-scaled-e1740660677932-770x570.jpeg\" class=\"attachment-pbmit-img-770x570 size-pbmit-img-770x570 wp-post-image\" alt=\"\" srcset=\"https:\/\/marvet.es\/wp-content\/uploads\/2025\/02\/IMG_5726-scaled-e1740660677932-770x570.jpeg 770w, https:\/\/marvet.es\/wp-content\/uploads\/2025\/02\/IMG_5726-scaled-e1740660677932-890x660.jpeg 890w\" sizes=\"(max-width: 770px) 100vw, 770px\" \/><\/a><\/div><\/div>\t\t\t\t<a class=\"pbmit-service-btn\" href=\"https:\/\/marvet.es\/en\/service\/plan-salud-perro-cachorro\/\" title=\"Health Plan \u2013 Puppy Dog\"><span class=\"pbmit-button-icon-wrapper\"><span class=\"pbmit-button-icon\"><i class=\"pbmit-base-icon-black-arrow-1\"><\/i><\/span><\/span><\/a>\r\n\t\t\t<\/div>\r\n\t\t\t<div class=\"pbmit-box-content-inner\">\r\n\t\t\t\t<div class=\"pbmit-contant-box\">\r\n\t\t\t\t\t<div class=\"pbmit-serv-cat\"><a href=\"https:\/\/marvet.es\/en\/service-category\/plan-de-salud\/\" rel=\"tag\">Health Plan<\/a><\/div>\r\n\t\t\t\t\t<h3 class=\"pbmit-service-title\"><a href=\"https:\/\/marvet.es\/en\/service\/plan-salud-perro-cachorro\/\">Health Plan \u2013 Puppy Dog<\/a><\/h3>\r\n\t\t\t\t\t\t\t\t\t<\/div>\r\n\t\t\t<\/div>\r\n\t\t<\/div>\r\n\t\t<a class=\"pbmit-service-btn\" href=\"https:\/\/marvet.es\/en\/service\/plan-salud-perro-cachorro\/\" title=\"Health Plan \u2013 Puppy Dog\"><span class=\"pbmit-button-icon-wrapper\"><span class=\"pbmit-button-icon\"><i class=\"pbmit-base-icon-black-arrow-1\"><\/i><\/span><\/span><\/a>\r\n\t<\/div>\r\n\t<a class=\"pbmit-link\" href=\"https:\/\/marvet.es\/en\/service\/plan-salud-perro-cachorro\/\" title=\"Go to Plan de salud &#8211; Perro Cachorro\"><\/a>\r\n<\/div><\/article>\t\t\t\t<\/div> <!-- .pbmit-element-posts-wrapper -->\r\n\t\t\t\t\r\n\t\t\t\r\n\t\t\t\r\n\t\t\t\t\t\t\t<\/div><!-- .pbmit-element-inner -->\r\n\t\t<\/div><!-- .pbminfotech-element -->\r\n\t\t\t\t\t\t\t\t<\/div>\n\t\t\t\t<\/div>\n\t\t\t\t\t<\/div>\n\t\t<\/div>\n\t\t\t\t\t<\/div>\n\t\t<\/section>\n\t\t\t\t<section class=\"elementor-section elementor-top-section elementor-element elementor-element-6f2fa35 pbmit-col-stretched-none pbmit-bg-color-over-image elementor-section-boxed elementor-section-height-default elementor-section-height-default\" data-id=\"6f2fa35\" data-element_type=\"section\">\n\t\t\t\t\t\t<div class=\"elementor-container elementor-column-gap-default\">\n\t\t\t\t\t<div class=\"elementor-column elementor-col-50 elementor-top-column elementor-element elementor-element-ecfdda7 pbmit-bg-color-over-image\" data-id=\"ecfdda7\" data-element_type=\"column\">\n\t\t\t<div class=\"elementor-widget-wrap elementor-element-populated\">\n\t\t\t\t\t\t<div class=\"elementor-element elementor-element-dad242b elementor-widget elementor-widget-heading\" data-id=\"dad242b\" data-element_type=\"widget\" data-widget_type=\"heading.default\">\n\t\t\t\t<div class=\"elementor-widget-container\">\n\t\t\t\t\t<h3 class=\"elementor-heading-title elementor-size-default\">Contact:<\/h3>\t\t\t\t<\/div>\n\t\t\t\t<\/div>\n\t\t\t\t<div class=\"elementor-element elementor-element-b1aea30 elementor-widget elementor-widget-text-editor\" data-id=\"b1aea30\" data-element_type=\"widget\" data-widget_type=\"text-editor.default\">\n\t\t\t\t<div class=\"elementor-widget-container\">\n\t\t\t\t\t\t\t\t\t<p>Landline: 961 48 02 50<\/p><p>Mobile phone: 620 06 43 58<\/p><p>Email: info@marvet.es<\/p><p>Address: C\/ La Lluna, 12 |46134 Foios, Valencia<\/p>\t\t\t\t\t\t\t\t<\/div>\n\t\t\t\t<\/div>\n\t\t\t\t\t<\/div>\n\t\t<\/div>\n\t\t\t\t<div class=\"elementor-column elementor-col-50 elementor-top-column elementor-element elementor-element-fb6bd12 pbmit-bg-color-over-image\" data-id=\"fb6bd12\" data-element_type=\"column\">\n\t\t\t<div class=\"elementor-widget-wrap elementor-element-populated\">\n\t\t\t\t\t\t<div class=\"elementor-element elementor-element-7f1c146 elementor-widget elementor-widget-google_maps\" data-id=\"7f1c146\" data-element_type=\"widget\" data-widget_type=\"google_maps.default\">\n\t\t\t\t<div class=\"elementor-widget-container\">\n\t\t\t\t\t\t\t<div class=\"elementor-custom-embed\">\n\t\t\t<iframe loading=\"lazy\"\n\t\t\t\t\tsrc=\"https:\/\/maps.google.com\/maps?q=Carrer%20la%20Lluna%2C%2012%2C%2046134%20Foios%2C%20Valencia&#038;t=m&#038;z=13&#038;output=embed&#038;iwloc=near\"\n\t\t\t\t\ttitle=\"Carrer la Lluna, 12, 46134 Foios, Valencia\"\n\t\t\t\t\taria-label=\"Carrer la Lluna, 12, 46134 Foios, Valencia\"\n\t\t\t><\/iframe>\n\t\t<\/div>\n\t\t\t\t\t\t<\/div>\n\t\t\t\t<\/div>\n\t\t\t\t\t<\/div>\n\t\t<\/div>\n\t\t\t\t\t<\/div>\n\t\t<\/section>\n\t\t\t\t<\/div>","protected":false},"excerpt":{"rendered":"<p>Servicios {\u00abcpt\u00bb:\u00bbservice\u00bb,\u00bbstyle\u00bb:\u00bb1&#8243;,\u00bbcolumns\u00bb:\u00bb3&#8243;,\u00bbshow\u00bb:6,\u00bborder\u00bb:\u00bbDESC\u00bb,\u00bborderby\u00bb:\u00bbnone\u00bb} Servicios Veterinarios Servicios Veterinarios Plan de salud Plan de salud &#8211; Gato Adulto Plan de salud Plan de salud &#8211; Gatito Plan de salud Plan de salud &#8211; Perro Adulto Plan de salud Plan de salud &#8211; Perro Cachorro Contacto: Tel\u00e9fono fijo: 961 48 02 50 Tel\u00e9fono m\u00f3vil: 620 06 43 58 Email: [&hellip;]<\/p>","protected":false},"author":1,"featured_media":0,"parent":0,"menu_order":0,"comment_status":"closed","ping_status":"closed","template":"","meta":{"_acf_changed":false,"inline_featured_image":false,"footnotes":""},"class_list":["post-593","page","type-page","status-publish","hentry"],"acf":[],"yoast_head":"<!-- This site is optimized with the Yoast SEO plugin v27.1.1 - https:\/\/yoast.com\/product\/yoast-seo-wordpress\/ -->\n<title>Servicios - Marvet<\/title>\n<meta name=\"robots\" content=\"index, follow, max-snippet:-1, max-image-preview:large, max-video-preview:-1\" \/>\n<link rel=\"canonical\" href=\"https:\/\/marvet.es\/en\/servicios\/\" \/>\n<meta property=\"og:locale\" content=\"en_US\" \/>\n<meta property=\"og:type\" content=\"article\" \/>\n<meta property=\"og:title\" content=\"Servicios - Marvet\" \/>\n<meta property=\"og:description\" content=\"Servicios {\u00abcpt\u00bb:\u00bbservice\u00bb,\u00bbstyle\u00bb:\u00bb1&#8243;,\u00bbcolumns\u00bb:\u00bb3&#8243;,\u00bbshow\u00bb:6,\u00bborder\u00bb:\u00bbDESC\u00bb,\u00bborderby\u00bb:\u00bbnone\u00bb} Servicios Veterinarios Servicios Veterinarios Plan de salud Plan de salud &#8211; Gato Adulto Plan de salud Plan de salud &#8211; Gatito Plan de salud Plan de salud &#8211; Perro Adulto Plan de salud Plan de salud &#8211; Perro Cachorro Contacto: Tel\u00e9fono fijo: 961 48 02 50 Tel\u00e9fono m\u00f3vil: 620 06 43 58 Email: [&hellip;]\" \/>\n<meta property=\"og:url\" content=\"https:\/\/marvet.es\/en\/servicios\/\" \/>\n<meta property=\"og:site_name\" content=\"Marvet\" \/>\n<meta property=\"article:modified_time\" content=\"2025-01-27T11:53:31+00:00\" \/>\n<meta property=\"og:image\" content=\"https:\/\/marvet.es\/wp-content\/uploads\/2024\/11\/8bc4e2a359d7cdd7e565e03da59057aad1664bdb.jpg\" \/>\n<meta name=\"twitter:card\" content=\"summary_large_image\" \/>\n<meta name=\"twitter:label1\" content=\"Est. reading time\" \/>\n\t<meta name=\"twitter:data1\" content=\"2 minutes\" \/>\n<script type=\"application\/ld+json\" class=\"yoast-schema-graph\">{\"@context\":\"https:\/\/schema.org\",\"@graph\":[{\"@type\":\"WebPage\",\"@id\":\"https:\/\/marvet.es\/servicios\/\",\"url\":\"https:\/\/marvet.es\/servicios\/\",\"name\":\"Servicios - Marvet\",\"isPartOf\":{\"@id\":\"https:\/\/marvet.es\/#website\"},\"primaryImageOfPage\":{\"@id\":\"https:\/\/marvet.es\/servicios\/#primaryimage\"},\"image\":{\"@id\":\"https:\/\/marvet.es\/servicios\/#primaryimage\"},\"thumbnailUrl\":\"https:\/\/marvet.es\/wp-content\/uploads\/2024\/11\/8bc4e2a359d7cdd7e565e03da59057aad1664bdb.jpg\",\"datePublished\":\"2024-12-14T16:56:49+00:00\",\"dateModified\":\"2025-01-27T11:53:31+00:00\",\"breadcrumb\":{\"@id\":\"https:\/\/marvet.es\/servicios\/#breadcrumb\"},\"inLanguage\":\"en-US\",\"potentialAction\":[{\"@type\":\"ReadAction\",\"target\":[\"https:\/\/marvet.es\/servicios\/\"]}]},{\"@type\":\"ImageObject\",\"inLanguage\":\"en-US\",\"@id\":\"https:\/\/marvet.es\/servicios\/#primaryimage\",\"url\":\"https:\/\/marvet.es\/wp-content\/uploads\/2024\/11\/8bc4e2a359d7cdd7e565e03da59057aad1664bdb.jpg\",\"contentUrl\":\"https:\/\/marvet.es\/wp-content\/uploads\/2024\/11\/8bc4e2a359d7cdd7e565e03da59057aad1664bdb.jpg\"},{\"@type\":\"BreadcrumbList\",\"@id\":\"https:\/\/marvet.es\/servicios\/#breadcrumb\",\"itemListElement\":[{\"@type\":\"ListItem\",\"position\":1,\"name\":\"Portada\",\"item\":\"https:\/\/marvet.es\/\"},{\"@type\":\"ListItem\",\"position\":2,\"name\":\"Servicios\"}]},{\"@type\":\"WebSite\",\"@id\":\"https:\/\/marvet.es\/#website\",\"url\":\"https:\/\/marvet.es\/\",\"name\":\"Marvet\",\"description\":\"\",\"potentialAction\":[{\"@type\":\"SearchAction\",\"target\":{\"@type\":\"EntryPoint\",\"urlTemplate\":\"https:\/\/marvet.es\/?s={search_term_string}\"},\"query-input\":{\"@type\":\"PropertyValueSpecification\",\"valueRequired\":true,\"valueName\":\"search_term_string\"}}],\"inLanguage\":\"en-US\"}]}<\/script>\n<!-- \/ Yoast SEO plugin. -->","yoast_head_json":{"title":"Servicios - Marvet","robots":{"index":"index","follow":"follow","max-snippet":"max-snippet:-1","max-image-preview":"max-image-preview:large","max-video-preview":"max-video-preview:-1"},"canonical":"https:\/\/marvet.es\/en\/servicios\/","og_locale":"en_US","og_type":"article","og_title":"Servicios - Marvet","og_description":"Servicios {\u00abcpt\u00bb:\u00bbservice\u00bb,\u00bbstyle\u00bb:\u00bb1&#8243;,\u00bbcolumns\u00bb:\u00bb3&#8243;,\u00bbshow\u00bb:6,\u00bborder\u00bb:\u00bbDESC\u00bb,\u00bborderby\u00bb:\u00bbnone\u00bb} Servicios Veterinarios Servicios Veterinarios Plan de salud Plan de salud &#8211; Gato Adulto Plan de salud Plan de salud &#8211; Gatito Plan de salud Plan de salud &#8211; Perro Adulto Plan de salud Plan de salud &#8211; Perro Cachorro Contacto: Tel\u00e9fono fijo: 961 48 02 50 Tel\u00e9fono m\u00f3vil: 620 06 43 58 Email: [&hellip;]","og_url":"https:\/\/marvet.es\/en\/servicios\/","og_site_name":"Marvet","article_modified_time":"2025-01-27T11:53:31+00:00","og_image":[{"url":"https:\/\/marvet.es\/wp-content\/uploads\/2024\/11\/8bc4e2a359d7cdd7e565e03da59057aad1664bdb.jpg","type":"","width":"","height":""}],"twitter_card":"summary_large_image","twitter_misc":{"Est. reading time":"2 minutes"},"schema":{"@context":"https:\/\/schema.org","@graph":[{"@type":"WebPage","@id":"https:\/\/marvet.es\/servicios\/","url":"https:\/\/marvet.es\/servicios\/","name":"Servicios - Marvet","isPartOf":{"@id":"https:\/\/marvet.es\/#website"},"primaryImageOfPage":{"@id":"https:\/\/marvet.es\/servicios\/#primaryimage"},"image":{"@id":"https:\/\/marvet.es\/servicios\/#primaryimage"},"thumbnailUrl":"https:\/\/marvet.es\/wp-content\/uploads\/2024\/11\/8bc4e2a359d7cdd7e565e03da59057aad1664bdb.jpg","datePublished":"2024-12-14T16:56:49+00:00","dateModified":"2025-01-27T11:53:31+00:00","breadcrumb":{"@id":"https:\/\/marvet.es\/servicios\/#breadcrumb"},"inLanguage":"en-US","potentialAction":[{"@type":"ReadAction","target":["https:\/\/marvet.es\/servicios\/"]}]},{"@type":"ImageObject","inLanguage":"en-US","@id":"https:\/\/marvet.es\/servicios\/#primaryimage","url":"https:\/\/marvet.es\/wp-content\/uploads\/2024\/11\/8bc4e2a359d7cdd7e565e03da59057aad1664bdb.jpg","contentUrl":"https:\/\/marvet.es\/wp-content\/uploads\/2024\/11\/8bc4e2a359d7cdd7e565e03da59057aad1664bdb.jpg"},{"@type":"BreadcrumbList","@id":"https:\/\/marvet.es\/servicios\/#breadcrumb","itemListElement":[{"@type":"ListItem","position":1,"name":"Portada","item":"https:\/\/marvet.es\/"},{"@type":"ListItem","position":2,"name":"Servicios"}]},{"@type":"WebSite","@id":"https:\/\/marvet.es\/#website","url":"https:\/\/marvet.es\/","name":"Marvet","description":"","potentialAction":[{"@type":"SearchAction","target":{"@type":"EntryPoint","urlTemplate":"https:\/\/marvet.es\/?s={search_term_string}"},"query-input":{"@type":"PropertyValueSpecification","valueRequired":true,"valueName":"search_term_string"}}],"inLanguage":"en-US"}]}},"_links":{"self":[{"href":"https:\/\/marvet.es\/en\/wp-json\/wp\/v2\/pages\/593","targetHints":{"allow":["GET"]}}],"collection":[{"href":"https:\/\/marvet.es\/en\/wp-json\/wp\/v2\/pages"}],"about":[{"href":"https:\/\/marvet.es\/en\/wp-json\/wp\/v2\/types\/page"}],"author":[{"embeddable":true,"href":"https:\/\/marvet.es\/en\/wp-json\/wp\/v2\/users\/1"}],"replies":[{"embeddable":true,"href":"https:\/\/marvet.es\/en\/wp-json\/wp\/v2\/comments?post=593"}],"version-history":[{"count":16,"href":"https:\/\/marvet.es\/en\/wp-json\/wp\/v2\/pages\/593\/revisions"}],"predecessor-version":[{"id":926,"href":"https:\/\/marvet.es\/en\/wp-json\/wp\/v2\/pages\/593\/revisions\/926"}],"wp:attachment":[{"href":"https:\/\/marvet.es\/en\/wp-json\/wp\/v2\/media?parent=593"}],"curies":[{"name":"wp","href":"https:\/\/api.w.org\/{rel}","templated":true}]}}